{"id":41641,"date":"2025-04-30T01:48:31","date_gmt":"2025-04-30T00:48:31","guid":{"rendered":"https:\/\/pdg.mcpdev.eu\/nuklearna-medicina\/"},"modified":"2025-05-05T12:39:02","modified_gmt":"2025-05-05T11:39:02","slug":"nuclear-medicine","status":"publish","type":"page","link":"https:\/\/pdg.mcpdev.eu\/en\/nuclear-medicine\/","title":{"rendered":"Nuclear medicine"},"content":{"rendered":"\t\t<div data-elementor-type=\"wp-page\" data-elementor-id=\"41641\" class=\"elementor elementor-41641 elementor-40557\" data-elementor-post-type=\"page\">\n\t\t\t\t<div class=\"elementor-element elementor-element-4342de71 e-con-full e-flex e-con e-parent\" data-id=\"4342de71\" data-element_type=\"container\">\n\t\t<div class=\"elementor-element elementor-element-5e5dff59 e-flex e-con-boxed e-con e-child\" data-id=\"5e5dff59\" data-element_type=\"container\">\n\t\t\t\t\t<div class=\"e-con-inner\">\n\t\t<div class=\"elementor-element elementor-element-46bf3bb3 e-con-full e-flex e-con e-child\" data-id=\"46bf3bb3\" data-element_type=\"container\">\n\t\t\t\t<div class=\"elementor-element elementor-element-6fffc0b content-align-right the7-hover-visibility-disabled preserve-img-ratio-cover transform-overlay-yes exceeding-frame-yes elementor-widget elementor-widget-the7-image-widget\" data-id=\"6fffc0b\" data-element_type=\"widget\" data-settings=\"{&quot;hover_visibility&quot;:&quot;disabled&quot;}\" data-widget_type=\"the7-image-widget.default\">\n\t\t\t\t<div class=\"elementor-widget-container\">\n\t\t\t\t\t<div class=\"the7-image-container\"><div class=\"the7-image-wrapper the7-elementor-widget the7-transform-container\"><div class=\"post-thumbnail-rollover layzr-bg img-css-resize-wrapper\"><img fetchpriority=\"high\" decoding=\"async\" width=\"738\" height=\"739\" src=\"data:image\/svg+xml,%3Csvg%20xmlns%3D&#039;http%3A%2F%2Fwww.w3.org%2F2000%2Fsvg&#039;%20viewBox%3D&#039;0%200%20738%20739&#039;%2F%3E\" class=\"attachment-full size-full preload-me aspect lazy lazy-load\" alt=\"\" sizes=\"(max-width: 738px) 100vw, 738px\" style=\"--ratio: 738 \/ 739;\" data-src=\"https:\/\/pdg.mcpdev.eu\/wp-content\/uploads\/2025\/04\/nuklear.webp\" loading=\"eager\" data-srcset=\"https:\/\/pdg.mcpdev.eu\/wp-content\/uploads\/2025\/04\/nuklear.webp 738w, https:\/\/pdg.mcpdev.eu\/wp-content\/uploads\/2025\/04\/nuklear-300x300.webp 300w, https:\/\/pdg.mcpdev.eu\/wp-content\/uploads\/2025\/04\/nuklear-150x150.webp 150w, https:\/\/pdg.mcpdev.eu\/wp-content\/uploads\/2025\/04\/nuklear-200x200.webp 200w\" \/><\/div><\/div><\/div>\t\t\t\t<\/div>\n\t\t\t\t<\/div>\n\t\t\t\t<\/div>\n\t\t<div class=\"elementor-element elementor-element-61f93e8b e-con-full e-flex e-con e-child\" data-id=\"61f93e8b\" data-element_type=\"container\">\n\t\t\t\t<div class=\"elementor-element elementor-element-4515f2b elementor-widget elementor-widget-the7-heading\" data-id=\"4515f2b\" data-element_type=\"widget\" data-widget_type=\"the7-heading.default\">\n\t\t\t\t<div class=\"elementor-widget-container\">\n\t\t\t\t\t<h2 class=\"the7-heading-title elementor-size-default\">Nuclear medicine<\/h2>\t\t\t\t<\/div>\n\t\t\t\t<\/div>\n\t\t\t\t<div class=\"elementor-element elementor-element-54602e4e elementor-widget-tablet__width-inherit elementor-widget elementor-widget-the7-heading\" data-id=\"54602e4e\" data-element_type=\"widget\" data-widget_type=\"the7-heading.default\">\n\t\t\t\t<div class=\"elementor-widget-container\">\n\t\t\t\t\t<div class=\"the7-heading-title elementor-size-default\">Committed to delivering care you can count on<\/div>\t\t\t\t<\/div>\n\t\t\t\t<\/div>\n\t\t\t\t<div class=\"elementor-element elementor-element-7eafc258 elementor-widget-tablet__width-inherit elementor-widget elementor-widget-text-editor\" data-id=\"7eafc258\" data-element_type=\"widget\" data-widget_type=\"text-editor.default\">\n\t\t\t\t<div class=\"elementor-widget-container\">\n\t\t\t\t\t\t\t\t\t<p>Lorem ipsum dolor sit amet, consectetur adipiscing elit. Etiam non dui felis. Proin posuere dapibus magna laoreet posuere. Lorem ipsum dolor sit amet, consectetur adipiscing elit magna, molestie iaculis sem pulvinar!<\/p>\t\t\t\t\t\t\t\t<\/div>\n\t\t\t\t<\/div>\n\t\t\t\t<div class=\"elementor-element elementor-element-aa33fe4 elementor-icon-list--layout-traditional elementor-list-item-link-full_width elementor-widget elementor-widget-icon-list\" data-id=\"aa33fe4\" data-element_type=\"widget\" data-widget_type=\"icon-list.default\">\n\t\t\t\t<div class=\"elementor-widget-container\">\n\t\t\t\t\t\t\t<ul class=\"elementor-icon-list-items\">\n\t\t\t\t\t\t\t<li class=\"elementor-icon-list-item\">\n\t\t\t\t\t\t\t\t\t\t\t<span class=\"elementor-icon-list-icon\">\n\t\t\t\t\t\t\t<svg xmlns=\"http:\/\/www.w3.org\/2000\/svg\" width=\"56\" height=\"56\" fill=\"#000000\" viewBox=\"0 0 256 256\"><path d=\"M232.49,80.49l-128,128a12,12,0,0,1-17,0l-56-56a12,12,0,1,1,17-17L96,183,215.51,63.51a12,12,0,0,1,17,17Z\"><\/path><\/svg>\t\t\t\t\t\t<\/span>\n\t\t\t\t\t\t\t\t\t\t<span class=\"elementor-icon-list-text\">Najmodernej\u0161ie technol\u00f3gie<\/span>\n\t\t\t\t\t\t\t\t\t<\/li>\n\t\t\t\t\t\t\t\t<li class=\"elementor-icon-list-item\">\n\t\t\t\t\t\t\t\t\t\t\t<span class=\"elementor-icon-list-icon\">\n\t\t\t\t\t\t\t<svg xmlns=\"http:\/\/www.w3.org\/2000\/svg\" width=\"56\" height=\"56\" fill=\"#000000\" viewBox=\"0 0 256 256\"><path d=\"M232.49,80.49l-128,128a12,12,0,0,1-17,0l-56-56a12,12,0,1,1,17-17L96,183,215.51,63.51a12,12,0,0,1,17,17Z\"><\/path><\/svg>\t\t\t\t\t\t<\/span>\n\t\t\t\t\t\t\t\t\t\t<span class=\"elementor-icon-list-text\">Inovat\u00edvna medic\u00edna<\/span>\n\t\t\t\t\t\t\t\t\t<\/li>\n\t\t\t\t\t\t\t\t<li class=\"elementor-icon-list-item\">\n\t\t\t\t\t\t\t\t\t\t\t<span class=\"elementor-icon-list-icon\">\n\t\t\t\t\t\t\t<svg xmlns=\"http:\/\/www.w3.org\/2000\/svg\" width=\"56\" height=\"56\" fill=\"#000000\" viewBox=\"0 0 256 256\"><path d=\"M232.49,80.49l-128,128a12,12,0,0,1-17,0l-56-56a12,12,0,1,1,17-17L96,183,215.51,63.51a12,12,0,0,1,17,17Z\"><\/path><\/svg>\t\t\t\t\t\t<\/span>\n\t\t\t\t\t\t\t\t\t\t<span class=\"elementor-icon-list-text\">T\u00edm odborn\u00edkov<\/span>\n\t\t\t\t\t\t\t\t\t<\/li>\n\t\t\t\t\t\t\t\t<li class=\"elementor-icon-list-item\">\n\t\t\t\t\t\t\t\t\t\t\t<span class=\"elementor-icon-list-icon\">\n\t\t\t\t\t\t\t<svg xmlns=\"http:\/\/www.w3.org\/2000\/svg\" width=\"56\" height=\"56\" fill=\"#000000\" viewBox=\"0 0 256 256\"><path d=\"M232.49,80.49l-128,128a12,12,0,0,1-17,0l-56-56a12,12,0,1,1,17-17L96,183,215.51,63.51a12,12,0,0,1,17,17Z\"><\/path><\/svg>\t\t\t\t\t\t<\/span>\n\t\t\t\t\t\t\t\t\t\t<span class=\"elementor-icon-list-text\">Bezpe\u010dnos\u0165 a d\u00f4vera<\/span>\n\t\t\t\t\t\t\t\t\t<\/li>\n\t\t\t\t\t\t<\/ul>\n\t\t\t\t\t\t<\/div>\n\t\t\t\t<\/div>\n\t\t\t\t<\/div>\n\t\t\t\t\t<\/div>\n\t\t\t\t<\/div>\n\t\t\t\t<div class=\"elementor-element elementor-element-54928fb6 elementor-widget elementor-widget-spacer\" data-id=\"54928fb6\" data-element_type=\"widget\" data-widget_type=\"spacer.default\">\n\t\t\t\t<div class=\"elementor-widget-container\">\n\t\t\t\t\t\t\t<div class=\"elementor-spacer\">\n\t\t\t<div class=\"elementor-spacer-inner\"><\/div>\n\t\t<\/div>\n\t\t\t\t\t\t<\/div>\n\t\t\t\t<\/div>\n\t\t\t\t<\/div>\n\t\t<div class=\"elementor-element elementor-element-131e07f3 e-con-full e-flex e-con e-parent\" data-id=\"131e07f3\" data-element_type=\"container\" data-settings=\"{&quot;background_background&quot;:&quot;classic&quot;}\">\n\t\t<div class=\"elementor-element elementor-element-12810748 e-flex e-con-boxed e-con e-child\" data-id=\"12810748\" data-element_type=\"container\">\n\t\t\t\t\t<div class=\"e-con-inner\">\n\t\t<div class=\"elementor-element elementor-element-ebd1148 e-flex e-con-boxed e-con e-child\" data-id=\"ebd1148\" data-element_type=\"container\">\n\t\t\t\t\t<div class=\"e-con-inner\">\n\t\t\t\t<div class=\"elementor-element elementor-element-462b7016 elementor-widget elementor-widget-the7-heading\" data-id=\"462b7016\" data-element_type=\"widget\" data-widget_type=\"the7-heading.default\">\n\t\t\t\t<div class=\"elementor-widget-container\">\n\t\t\t\t\t<h2 class=\"the7-heading-title elementor-size-default\">Na\u0161e centr\u00e1<\/h2>\t\t\t\t<\/div>\n\t\t\t\t<\/div>\n\t\t\t\t<div class=\"elementor-element elementor-element-45c7431a elementor-widget elementor-widget-the7-heading\" data-id=\"45c7431a\" data-element_type=\"widget\" data-widget_type=\"the7-heading.default\">\n\t\t\t\t<div class=\"elementor-widget-container\">\n\t\t\t\t\t<div class=\"the7-heading-title elementor-size-default\">Nukle\u00e1rna medic\u00edna<\/div>\t\t\t\t<\/div>\n\t\t\t\t<\/div>\n\t\t\t\t<div class=\"elementor-element elementor-element-43c24ccb elementor-widget-tablet__width-inherit elementor-widget__width-initial elementor-widget elementor-widget-text-editor\" data-id=\"43c24ccb\" data-element_type=\"widget\" data-widget_type=\"text-editor.default\">\n\t\t\t\t<div class=\"elementor-widget-container\">\n\t\t\t\t\t\t\t\t\t<p>Proin posuere dapibus magna laoreet posuere. Lorem ipsum dolor sit amet, adipiscing elit. Proin dignissim. Maecenas commodo &#8211;\u00a0 tellut consectetur dapibus leo nibh tellut dapibus magna laoreet posuere.<\/p>\t\t\t\t\t\t\t\t<\/div>\n\t\t\t\t<\/div>\n\t\t\t\t\t<\/div>\n\t\t\t\t<\/div>\n\t\t<div class=\"elementor-element elementor-element-2638a2ca e-grid e-con-full e-con e-child\" data-id=\"2638a2ca\" data-element_type=\"container\">\n\t\t<div class=\"elementor-element elementor-element-52c9739e e-con-full e-flex e-con e-child\" data-id=\"52c9739e\" data-element_type=\"container\">\n\t\t\t\t<div class=\"elementor-element elementor-element-57a9ba16 elementor-widget__width-initial the7-hover-visibility-hover content-align-left preserve-img-ratio-cover transform-overlay-yes exceeding-frame-yes elementor-widget elementor-widget-the7-image-widget\" data-id=\"57a9ba16\" data-element_type=\"widget\" data-settings=\"{&quot;hover_visibility&quot;:&quot;hover&quot;}\" data-widget_type=\"the7-image-widget.default\">\n\t\t\t\t<div class=\"elementor-widget-container\">\n\t\t\t\t\t<div class=\"the7-image-container\"><div class=\"the7-image-wrapper the7-elementor-widget the7-transform-container\"><div class=\"post-thumbnail-rollover img-css-resize-wrapper\"><img decoding=\"async\" width=\"768\" height=\"768\" src=\"https:\/\/pdg.mcpdev.eu\/wp-content\/uploads\/2025\/04\/GEMINI-TF-14.jpeg-768x768.webp\" class=\"attachment-medium_large size-medium_large preload-me aspect\" alt=\"\" srcset=\"https:\/\/pdg.mcpdev.eu\/wp-content\/uploads\/2025\/04\/GEMINI-TF-14.jpeg-768x768.webp 768w, https:\/\/pdg.mcpdev.eu\/wp-content\/uploads\/2025\/04\/GEMINI-TF-14.jpeg-300x300.webp 300w, https:\/\/pdg.mcpdev.eu\/wp-content\/uploads\/2025\/04\/GEMINI-TF-14.jpeg-150x150.webp 150w, https:\/\/pdg.mcpdev.eu\/wp-content\/uploads\/2025\/04\/GEMINI-TF-14.jpeg.webp 786w\" sizes=\"(max-width: 768px) 100vw, 768px\" style=\"--ratio: 768 \/ 768;\" \/><\/div><\/div><\/div>\t\t\t\t<\/div>\n\t\t\t\t<\/div>\n\t\t<div class=\"elementor-element elementor-element-42a23374 e-con-full e-flex e-con e-child\" data-id=\"42a23374\" data-element_type=\"container\">\n\t\t\t\t<div class=\"elementor-element elementor-element-1a9d7d3a elementor-widget elementor-widget-the7-heading\" data-id=\"1a9d7d3a\" data-element_type=\"widget\" data-widget_type=\"the7-heading.default\">\n\t\t\t\t<div class=\"elementor-widget-container\">\n\t\t\t\t\t<h3 class=\"the7-heading-title elementor-size-default\">Dr. Magnet \u2013 PET\/CT centrum<\/h3>\t\t\t\t<\/div>\n\t\t\t\t<\/div>\n\t\t\t\t<div class=\"elementor-element elementor-element-4e1703a3 elementor-widget elementor-widget-text-editor\" data-id=\"4e1703a3\" data-element_type=\"widget\" data-widget_type=\"text-editor.default\">\n\t\t\t\t<div class=\"elementor-widget-container\">\n\t\t\t\t\t\t\t\t\t<p>PET\/CT centrum je \u00faspe\u0161n\u00fdm \u201epublic-private\u201c projektom Dr. Magnet v kooper\u00e1ci\u00ed so spolo\u010dnos\u0165ou BIONT. Najmodernej\u0161ie zdravotn\u00edcke zariadenie v odbore nukle\u00e1rnej medic\u00edny na Slovensku.<\/p>\t\t\t\t\t\t\t\t<\/div>\n\t\t\t\t<\/div>\n\t\t\t\t<\/div>\n\t\t\t\t<\/div>\n\t\t<div class=\"elementor-element elementor-element-5fd78c97 e-con-full e-flex e-con e-child\" data-id=\"5fd78c97\" data-element_type=\"container\">\n\t\t\t\t<div class=\"elementor-element elementor-element-10ebbbe elementor-widget__width-initial the7-hover-visibility-hover content-align-left preserve-img-ratio-cover transform-overlay-yes exceeding-frame-yes elementor-widget elementor-widget-the7-image-widget\" data-id=\"10ebbbe\" data-element_type=\"widget\" data-settings=\"{&quot;hover_visibility&quot;:&quot;hover&quot;}\" data-widget_type=\"the7-image-widget.default\">\n\t\t\t\t<div class=\"elementor-widget-container\">\n\t\t\t\t\t<div class=\"the7-image-container\"><div class=\"the7-image-wrapper the7-elementor-widget the7-transform-container\"><div class=\"post-thumbnail-rollover img-css-resize-wrapper\"><img decoding=\"async\" width=\"738\" height=\"739\" src=\"https:\/\/pdg.mcpdev.eu\/wp-content\/uploads\/2025\/04\/nuklear.webp\" class=\"attachment-medium_large size-medium_large preload-me aspect\" alt=\"\" srcset=\"https:\/\/pdg.mcpdev.eu\/wp-content\/uploads\/2025\/04\/nuklear.webp 738w, https:\/\/pdg.mcpdev.eu\/wp-content\/uploads\/2025\/04\/nuklear-300x300.webp 300w, https:\/\/pdg.mcpdev.eu\/wp-content\/uploads\/2025\/04\/nuklear-150x150.webp 150w, https:\/\/pdg.mcpdev.eu\/wp-content\/uploads\/2025\/04\/nuklear-200x200.webp 200w\" sizes=\"(max-width: 738px) 100vw, 738px\" \/><\/div><\/div><\/div>\t\t\t\t<\/div>\n\t\t\t\t<\/div>\n\t\t<div class=\"elementor-element elementor-element-1ae0ca8a e-con-full e-flex e-con e-child\" data-id=\"1ae0ca8a\" data-element_type=\"container\">\n\t\t\t\t<div class=\"elementor-element elementor-element-a7fd7b1 elementor-widget elementor-widget-the7-heading\" data-id=\"a7fd7b1\" data-element_type=\"widget\" data-widget_type=\"the7-heading.default\">\n\t\t\t\t<div class=\"elementor-widget-container\">\n\t\t\t\t\t<h3 class=\"the7-heading-title elementor-size-default\">Vivamed (Pre\u0161ov)<\/h3>\t\t\t\t<\/div>\n\t\t\t\t<\/div>\n\t\t\t\t<div class=\"elementor-element elementor-element-85fb161 elementor-widget elementor-widget-text-editor\" data-id=\"85fb161\" data-element_type=\"widget\" data-widget_type=\"text-editor.default\">\n\t\t\t\t<div class=\"elementor-widget-container\">\n\t\t\t\t\t\t\t\t\t<p>Nukle\u00e1rna medic\u00edna je lek\u00e1rsky odbor, ktor\u00fd pou\u017e\u00edva na diagnostiku a lie\u010dbu ochoren\u00ed r\u00e1dioakt\u00edvne l\u00e1tky, tzv. r\u00e1diofarmak\u00e1. Met\u00f3dy nukle\u00e1rnej medic\u00edny s\u00fa bezpe\u010dn\u00e9 a bezbolestn\u00e9.\u00a0<\/p>\t\t\t\t\t\t\t\t<\/div>\n\t\t\t\t<\/div>\n\t\t\t\t<\/div>\n\t\t\t\t<\/div>\n\t\t<div class=\"elementor-element elementor-element-21b642b4 e-con-full e-flex e-con e-child\" data-id=\"21b642b4\" data-element_type=\"container\">\n\t\t\t\t<div class=\"elementor-element elementor-element-4e771f20 elementor-widget__width-initial the7-hover-visibility-hover content-align-left preserve-img-ratio-cover transform-overlay-yes exceeding-frame-yes elementor-widget elementor-widget-the7-image-widget\" data-id=\"4e771f20\" data-element_type=\"widget\" data-settings=\"{&quot;hover_visibility&quot;:&quot;hover&quot;}\" data-widget_type=\"the7-image-widget.default\">\n\t\t\t\t<div class=\"elementor-widget-container\">\n\t\t\t\t\t<div class=\"the7-image-container\"><div class=\"the7-image-wrapper the7-elementor-widget the7-transform-container\"><div class=\"post-thumbnail-rollover img-css-resize-wrapper\"><img decoding=\"async\" width=\"667\" height=\"595\" src=\"https:\/\/pdg.mcpdev.eu\/wp-content\/uploads\/2025\/04\/gammalab.webp\" class=\"attachment-medium_large size-medium_large preload-me aspect\" alt=\"\" srcset=\"https:\/\/pdg.mcpdev.eu\/wp-content\/uploads\/2025\/04\/gammalab.webp 667w, https:\/\/pdg.mcpdev.eu\/wp-content\/uploads\/2025\/04\/gammalab-300x268.webp 300w\" sizes=\"(max-width: 667px) 100vw, 667px\" \/><\/div><\/div><\/div>\t\t\t\t<\/div>\n\t\t\t\t<\/div>\n\t\t<div class=\"elementor-element elementor-element-58a1551c e-con-fit e-flex e-con e-child\" data-id=\"58a1551c\" data-element_type=\"container\">\n\t\t\t\t<div class=\"elementor-element elementor-element-24883d48 elementor-widget elementor-widget-the7-heading\" data-id=\"24883d48\" data-element_type=\"widget\" data-widget_type=\"the7-heading.default\">\n\t\t\t\t<div class=\"elementor-widget-container\">\n\t\t\t\t\t<h3 class=\"the7-heading-title elementor-size-default\">Gammalab (Trnava)<\/h3>\t\t\t\t<\/div>\n\t\t\t\t<\/div>\n\t\t\t\t<div class=\"elementor-element elementor-element-251227bd elementor-widget elementor-widget-text-editor\" data-id=\"251227bd\" data-element_type=\"widget\" data-widget_type=\"text-editor.default\">\n\t\t\t\t<div class=\"elementor-widget-container\">\n\t\t\t\t\t\t\t\t\t<p>Oddelenie nukle\u00e1rnej medic\u00edny je jedin\u00e9 v Trnavskom samospr\u00e1vnom kraji a pln\u00ed slu\u017eby pre cel\u00fd Trnavsk\u00fd V\u00daC, \u010diasto\u010dne i Tren\u010diansky kraj, pri\u013eahl\u00e9 okresy a pre niektor\u00e9 bratislavsk\u00e9 kliniky.<\/p>\t\t\t\t\t\t\t\t<\/div>\n\t\t\t\t<\/div>\n\t\t\t\t<\/div>\n\t\t\t\t<\/div>\n\t\t\t\t<\/div>\n\t\t\t\t\t<\/div>\n\t\t\t\t<\/div>\n\t\t\t\t<\/div>\n\t\t<div class=\"elementor-element elementor-element-57131e1c e-con-full e-flex e-con e-child\" data-id=\"57131e1c\" data-element_type=\"container\" data-settings=\"{&quot;background_background&quot;:&quot;classic&quot;}\">\n\t\t<div class=\"elementor-element elementor-element-14e94971 e-flex e-con-boxed e-con e-child\" data-id=\"14e94971\" data-element_type=\"container\" data-settings=\"{&quot;background_background&quot;:&quot;gradient&quot;}\">\n\t\t\t\t\t<div class=\"e-con-inner\">\n\t\t<div class=\"elementor-element elementor-element-615eb22d e-con-full e-flex e-con e-child\" data-id=\"615eb22d\" data-element_type=\"container\">\n\t\t\t\t<div class=\"elementor-element elementor-element-40ba3f8 elementor-widget-tablet__width-inherit elementor-widget__width-initial elementor-widget elementor-widget-the7-heading\" data-id=\"40ba3f8\" data-element_type=\"widget\" data-widget_type=\"the7-heading.default\">\n\t\t\t\t<div class=\"elementor-widget-container\">\n\t\t\t\t\t<div class=\"the7-heading-title elementor-size-default\">3 modern\u00e9 centr\u00e1 nulke\u00e1rnej medic\u00edny na Slovensku<\/div>\t\t\t\t<\/div>\n\t\t\t\t<\/div>\n\t\t\t\t<div class=\"elementor-element elementor-element-4b6a378b elementor-widget-tablet__width-inherit elementor-widget__width-initial elementor-widget elementor-widget-the7-heading\" data-id=\"4b6a378b\" data-element_type=\"widget\" data-widget_type=\"the7-heading.default\">\n\t\t\t\t<div class=\"elementor-widget-container\">\n\t\t\t\t\t<div class=\"the7-heading-title elementor-size-default\">Starostlivos\u0165, na ktor\u00fa sa m\u00f4\u017eete spo\u013eahn\u00fa\u0165!<\/div>\t\t\t\t<\/div>\n\t\t\t\t<\/div>\n\t\t\t\t<\/div>\n\t\t<div class=\"elementor-element elementor-element-6c42809a e-con-full e-flex e-con e-child\" data-id=\"6c42809a\" data-element_type=\"container\">\n\t\t\t\t<div class=\"elementor-element elementor-element-3f9c379a elementor-align-justify elementor-widget elementor-widget-the7_button_widget\" data-id=\"3f9c379a\" data-element_type=\"widget\" data-widget_type=\"the7_button_widget.default\">\n\t\t\t\t<div class=\"elementor-widget-container\">\n\t\t\t\t\t<div class=\"elementor-button-wrapper\"><a href=\"https:\/\/pdg.mcpdev.eu\/mapa\/\" class=\"box-button elementor-button elementor-size-xl\">N\u00e1js\u0165 centrum na mape<\/a><\/div>\t\t\t\t<\/div>\n\t\t\t\t<\/div>\n\t\t\t\t<\/div>\n\t\t\t\t\t<\/div>\n\t\t\t\t<\/div>\n\t\t\t\t<\/div>\n\t\t<div class=\"elementor-element elementor-element-756bc27b e-con-full e-flex e-con e-parent\" data-id=\"756bc27b\" data-element_type=\"container\">\n\t\t\t\t<div class=\"elementor-element elementor-element-180d23c1 elementor-widget elementor-widget-spacer\" data-id=\"180d23c1\" data-element_type=\"widget\" data-widget_type=\"spacer.default\">\n\t\t\t\t<div class=\"elementor-widget-container\">\n\t\t\t\t\t\t\t<div class=\"elementor-spacer\">\n\t\t\t<div class=\"elementor-spacer-inner\"><\/div>\n\t\t<\/div>\n\t\t\t\t\t\t<\/div>\n\t\t\t\t<\/div>\n\t\t<div class=\"elementor-element elementor-element-429095f3 e-con-full e-flex e-con e-child\" data-id=\"429095f3\" data-element_type=\"container\">\n\t\t\t\t<div class=\"elementor-element elementor-element-75a865d7 elementor-widget-tablet__width-inherit elementor-widget__width-initial elementor-widget elementor-widget-the7-heading\" data-id=\"75a865d7\" data-element_type=\"widget\" data-widget_type=\"the7-heading.default\">\n\t\t\t\t<div class=\"elementor-widget-container\">\n\t\t\t\t\t<h2 class=\"the7-heading-title elementor-size-default\">Referencie na na\u0161e centr\u00e1 prevzat\u00e9 zo soci\u00e1lnych siet\u00ed<\/h2>\t\t\t\t<\/div>\n\t\t\t\t<\/div>\n\t\t\t\t<\/div>\n\t\t\t\t<\/div>\n\t\t\t\t<\/div>\n\t\t","protected":false},"excerpt":{"rendered":"<p>Nuclear medicine Committed to delivering care you can count on Lorem ipsum dolor sit amet, consectetur adipiscing elit. Etiam non dui felis. Proin posuere dapibus magna laoreet posuere. Lorem ipsum dolor sit amet, consectetur adipiscing elit magna, molestie iaculis sem pulvinar! Najmodernej\u0161ie technol\u00f3gie Inovat\u00edvna medic\u00edna T\u00edm odborn\u00edkov Bezpe\u010dnos\u0165 a d\u00f4vera Na\u0161e centr\u00e1 Nukle\u00e1rna medic\u00edna Proin&hellip;<\/p>\n","protected":false},"author":1,"featured_media":0,"parent":0,"menu_order":0,"comment_status":"closed","ping_status":"closed","template":"","meta":{"footnotes":""},"class_list":["post-41641","page","type-page","status-publish","hentry"],"_links":{"self":[{"href":"https:\/\/pdg.mcpdev.eu\/en\/wp-json\/wp\/v2\/pages\/41641","targetHints":{"allow":["GET"]}}],"collection":[{"href":"https:\/\/pdg.mcpdev.eu\/en\/wp-json\/wp\/v2\/pages"}],"about":[{"href":"https:\/\/pdg.mcpdev.eu\/en\/wp-json\/wp\/v2\/types\/page"}],"author":[{"embeddable":true,"href":"https:\/\/pdg.mcpdev.eu\/en\/wp-json\/wp\/v2\/users\/1"}],"replies":[{"embeddable":true,"href":"https:\/\/pdg.mcpdev.eu\/en\/wp-json\/wp\/v2\/comments?post=41641"}],"version-history":[{"count":4,"href":"https:\/\/pdg.mcpdev.eu\/en\/wp-json\/wp\/v2\/pages\/41641\/revisions"}],"predecessor-version":[{"id":41816,"href":"https:\/\/pdg.mcpdev.eu\/en\/wp-json\/wp\/v2\/pages\/41641\/revisions\/41816"}],"wp:attachment":[{"href":"https:\/\/pdg.mcpdev.eu\/en\/wp-json\/wp\/v2\/media?parent=41641"}],"curies":[{"name":"wp","href":"https:\/\/api.w.org\/{rel}","templated":true}]}}