{"id":41656,"date":"2021-10-01T13:01:38","date_gmt":"2021-10-01T12:01:38","guid":{"rendered":"https:\/\/pdg.mcpdev.eu\/terms-conditions\/"},"modified":"2021-10-01T13:01:38","modified_gmt":"2021-10-01T13:01:38","slug":"terms-conditions","status":"publish","type":"page","link":"https:\/\/pdg.mcpdev.eu\/cs\/terms-conditions\/","title":{"rendered":"Ochrana osobn\u00fdch \u00fadajov"},"content":{"rendered":"\t\t<div data-elementor-type=\"wp-page\" data-elementor-id=\"41656\" class=\"elementor elementor-41656 elementor-5475\" data-elementor-post-type=\"page\">\n\t\t\t\t<div class=\"elementor-element elementor-element-f366426 e-flex e-con-boxed e-con e-parent\" data-id=\"f366426\" data-element_type=\"container\">\n\t\t\t\t\t<div class=\"e-con-inner\">\n\t\t\t\t<div class=\"elementor-element elementor-element-2a890ce elementor-widget elementor-widget-text-editor\" data-id=\"2a890ce\" data-element_type=\"widget\" data-widget_type=\"text-editor.default\">\n\t\t\t\t<div class=\"elementor-widget-container\">\n\t\t\t\t\t\t\t\t\t<div class=\"elementor-element elementor-element-3d53888b elementor-widget elementor-widget-heading\" data-id=\"3d53888b\" data-element_type=\"widget\" data-widget_type=\"heading.default\"><div class=\"elementor-widget-container\"><h2 class=\"elementor-heading-title elementor-size-default\">Ozn\u00e1menie o ochrane osobn\u00fdch \u00fadajov<\/h2><\/div><\/div><div class=\"elementor-element elementor-element-177a03a3 elementor-widget elementor-widget-text-editor\" data-id=\"177a03a3\" data-element_type=\"widget\" data-widget_type=\"text-editor.default\"><div class=\"elementor-widget-container\"><p><strong>Pro Diagnostic Group a.s.\u00a0<\/strong>(\u010falej len \u201eprev\u00e1dzkovate\u013e\u201c) je ved\u00faci poskytovate\u013e r\u00e1diologick\u00fdch slu\u017eieb na Slovensku, prev\u00e1dzkuj\u00faci diagnostick\u00e9 centr\u00e1 s modalitami ako s\u00fa\u00a0<strong>magnetick\u00e1 rezonancia<\/strong>, CT, USG \u010di PET\/CT.<\/p><p>V s\u00fa\u010dasnosti prev\u00e1dzkuje 12 diagnostick\u00fdch centier rozmiestnen\u00fdch po celom Slovensku. Pre zabezpe\u010denie komunik\u00e1cie so svojimi klientmi\u00a0 v\u00a0r\u00e1mci registr\u00e1cie do webport\u00e1lu ERADIOLOGIA.SK vyu\u017e\u00edva svoje webov\u00e9 s\u00eddlo. Prostredn\u00edctvom webov\u00e9ho s\u00eddla prev\u00e1dzkovate\u013e poskytuje z\u00e1kladn\u00e9 inform\u00e1cie o\u00a0svojej \u010dinnosti.<\/p><p>Poskytovan\u00e9 slu\u017eby na\u00a0 str\u00e1nke prev\u00e1dzkovate\u013ea vy\u017eaduj\u00fa sprac\u00favanie osobn\u00fdch \u00fadajov. Ni\u017e\u0161ie v\u00e1s\u00a0 informujeme o\u00a0sprac\u00favan\u00ed va\u0161ich osobn\u00fdch \u00fadajov, ktor\u00e9\u00a0 z\u00edskavame prostredn\u00edctvom \u00a0komunika\u010dn\u00e9ho kan\u00e1la webovej str\u00e1nky prev\u00e1dzkovate\u013ea, vr\u00e1tane pou\u017eitia cookie.<\/p><p>Prev\u00e1dzkovate\u013e sprac\u00fava inform\u00e1cie len v\u00a0rozsahu nevyhnutnom na naplnenie \u00fa\u010delu v\u00a0s\u00falade so Z\u00e1konom \u010d. 18\/2018 Z. z. o\u00a0ochrane osobn\u00fdch \u00fadajov a o zmene a doplnen\u00ed niektor\u00fdch z\u00e1konov (\u010falej len \u201ez\u00e1kon o\u00a0ochrane osobn\u00fdch \u00fadajov\u201c) a pod\u013ea Nariadenia Eur\u00f3pskeho Parlamentu a Rady (E\u00da) 2016\/679 z 27. apr\u00edla 2016 o ochrane fyzick\u00fdch os\u00f4b pri sprac\u00favan\u00ed osobn\u00fdch \u00fadajov a o vo\u013enom pohybe tak\u00fdchto \u00fadajov, ktor\u00fdm sa zru\u0161uje smernica 95\/46\/ES (\u010falej len \u201enariadenie\u201c).<\/p><p>\u00a0<\/p><p>\u00a0<\/p><h4>1.Kto je zodpovedn\u00fd na sprac\u00favanie va\u0161ich osobn\u00fdch \u00fadajov na tomto webovom s\u00eddle?<\/h4><p>Pro Diagnostic Group, a.s.<br \/>Nivy Tower \u2013 administrat\u00edvna budova B2,<\/p><p>Mlynsk\u00e9 Nivy 5, 821 09 Bratislava<br \/>46\u00a0112\u00a0928 \u00a0\u00a0<\/p><h4>2.Kontaktn\u00e9 \u00fadaje zodpovednej osoby<\/h4><p>Ing. Jozef Kme\u0165<br \/><a href=\"mailto:dpo@prodiagnostic.sk\">dpo@prodiagnostic.sk<\/a>\u00a0<\/p><p>+421908148822\u00a0<\/p><h4>3.Na ak\u00e9 \u00fa\u010dely sprac\u00favame va\u0161e osobn\u00e9 \u00fadaje?<\/h4><p>Vyu\u017e\u00edvame funkcionalitu na\u0161ej webovej str\u00e1nky na zbieranie osobn\u00fdch \u00fadajov v\u00a0kontexte registr\u00e1cie do webport\u00e1lu ERADIOLOGIA.SK, ktor\u00e9ho je spolo\u010dnos\u0165 prev\u00e1dzkovate\u013eom.<\/p><ol><li><a href=\"https:\/\/www.eradiologia.sk\/\">SK \u2013 Online \u017eiadanky, n\u00e1lezy a \u0161t\u00fadie<\/a><\/li><\/ol><h4>4.Ak\u00e9 kateg\u00f3rie osobn\u00fdch \u00fadajov sprac\u00favame?<\/h4><p>Na na\u0161om webovom s\u00eddle zbierame:<\/p><ol><li>V\u00a0sekcii pre overenie identity pacienta vo webport\u00e1le eR\u00e1diol\u00f3gia.sk<br \/>\u2013 Rodn\u00e9 \u010d\u00edslo<\/li><li>V\u00a0r\u00e1mci \u00fa\u010dtu pacienta na webport\u00e1le eR\u00e1diol\u00f3gia.sk<br \/>\u2013 Meno, priezvisko, pois\u0165ov\u0148a, telef\u00f3n, email, popis z vy\u0161etrenia<\/li><\/ol><p><a href=\"https:\/\/dataprotection.gov.sk\/uoou\/node\/648\/\"><strong>Vyu\u017eitie slu\u017eby cookie<\/strong><\/a><strong>:<\/strong><\/p><p>M\u00f4\u017eeme vy\u017eadova\u0165 zapnutie s\u00faborov cookie vo va\u0161om zariaden\u00ed. Pou\u017e\u00edvame cookie, aby sme boli informovan\u00ed, ke\u010f nav\u0161t\u00edvite na\u0161e webov\u00e9 str\u00e1nky, zv\u00fd\u0161ili ich interakciu pre v\u00e1s, obohatili svoje sk\u00fasenosti a \u010do najlep\u0161ie V\u00e1m prisp\u00f4sobili ich obsah.<\/p><p>T\u00e1to webov\u00e1 lokalita vy\u017e\u00edva Z\u00e1kladn\u00e9 s\u00fabory Cookie, ktor\u00e9 s\u00fa nevyhnutne potrebn\u00e9 na to, aby sme v\u00e1m poskytli slu\u017eby dostupn\u00e9 prostredn\u00edctvom na\u0161ich webov\u00fdch str\u00e1nok a vyu\u017eili niektor\u00e9 z ich funkci\u00ed.\u00a0 Preto\u017ee tieto s\u00fabory cookie s\u00fa nevyhnutne potrebn\u00e9 na doru\u010denie webov\u00fdch str\u00e1nok, nem\u00f4\u017eete ich odmietnu\u0165 bez toho, aby ovplyvnili fungovanie na\u0161ich str\u00e1nok.<\/p><p>\u010ealej vyu\u017e\u00edva slu\u017eby Google Analytics Cookie. Tieto s\u00fabory zhroma\u017e\u010fuj\u00fa inform\u00e1cie, ktor\u00e9 sa pou\u017e\u00edvaj\u00fa bu\u010f v s\u00fahrnnej forme, ktor\u00e9 n\u00e1m pom\u00e1haj\u00fa pochopi\u0165, ako sa pou\u017e\u00edva na\u0161a webov\u00e1 str\u00e1nka. Ak nechcete sledova\u0165 n\u00e1v\u0161tevnos\u0165 na\u0161ich str\u00e1nok, m\u00f4\u017eete zak\u00e1za\u0165 sledovanie.<\/p><p>Pou\u017e\u00edvame tie\u017e r\u00f4zne extern\u00e9 slu\u017eby, ako s\u00fa Google Webfonty, Mapy Google a You Tube. Vzh\u013eadom na to, \u017ee t\u00edto poskytovatelia m\u00f4\u017eu zhroma\u017e\u010fova\u0165 osobn\u00e9 \u00fadaje, napr\u00edklad va\u0161u IP adresu, dovo\u013eujeme v\u00e1m ich zablokova\u0165. Vypn\u00fa\u0165 ich m\u00f4\u017eete cez Google Webfont nastavenia.<\/p><p>\u00a0<\/p><h4>5.Na akom pr\u00e1vnom z\u00e1klade sprac\u00favame va\u0161e osobn\u00e9 \u00fadaje?<\/h4><ol><li>z\u00e1konom \u010d. 576\/2004 Z.z. o zdravotnej starostlivosti, slu\u017eb\u00e1ch s\u00favisiacich s poskytovan\u00edm zdravotnej starostlivosti a o zmene a doplnen\u00ed niektor\u00fdch z\u00e1konov v znen\u00ed neskor\u0161\u00edch predpisov,<\/li><li>nariaden\u00edm E\u00da o\u00a0ochrane osobn\u00fdch \u00fadajov \u010dl\u00e1nok 6 ods. 1, p\u00edsm. c) a\u00a0\u010dl\u00e1nku 9, ods. 2, p\u00edsm. h).<\/li><\/ol><div>\u00a0<\/div><div>\u00a0<\/div><h4>6.Ako dlho va\u0161e osobn\u00e9 \u00fadaje uchov\u00e1vame?<\/h4><p>Va\u0161e \u00fadaje uchov\u00e1vame v\u00a0s\u00falade s\u00a0pr\u00edslu\u0161n\u00fdmi z\u00e1konmi, najmenej v\u0161ak po dobu 5 rokov.<\/p><p>\u00a0<\/p><h4>7.Kto bude ma\u0165 pr\u00edstup k\u00a0va\u0161im osobn\u00fdm \u00fadajom?<\/h4><p>Pr\u00edstup k\u00a0va\u0161im osobn\u00fdm \u00fadajom m\u00f4\u017eu ma\u0165 poveren\u00ed zamestnanci prev\u00e1dzkovate\u013ea.<\/p><p>\u00a0<\/p><h4>8.Bud\u00fa va\u0161e osobn\u00e9 \u00fadaje pren\u00e1\u0161an\u00e9 do tret\u00edch kraj\u00edn alebo medzin\u00e1rodnej organiz\u00e1cii?<\/h4><p>Va\u0161e osobn\u00e9 \u00fadaje nebud\u00fa predmetom prenosu do tret\u00edch kraj\u00edn.<\/p><p>\u00a0<\/p><h4>9.Zah\u0155\u0148a sprac\u00favanie va\u0161ich osobn\u00fdch \u00fadajov prev\u00e1dzkovate\u013eom automatizovan\u00e9 individu\u00e1lne rozhodovanie alebo profilovanie?<\/h4><p>Sprac\u00favanie va\u0161ich osobn\u00fdch \u00fadajov \u00faradom nezah\u0155\u0148a automatizovan\u00e9 individu\u00e1lne rozhodovanie ani profilovanie.<\/p><p>\u00a0<\/p><h4>10.Ak\u00e9 s\u00fa va\u0161e pr\u00e1va a\u00a0ako si ich m\u00f4\u017eete uplatni\u0165?<\/h4><p>Dotknut\u00e1 osoba m\u00e1 pr\u00e1vo od prev\u00e1dzkovate\u013ea po\u017eadova\u0165:<\/p><ul><li>vydanie potvrdenia \u010di s\u00fa alebo nie s\u00fa jej osobn\u00e9 \u00fadaje sprac\u00favan\u00e9 prev\u00e1dzkovate\u013eom, ako aj pr\u00edstup k jej osobn\u00fdm \u00fadajom a \u010fal\u0161\u00edm inform\u00e1ci\u00e1m,<\/li><li>opravu nespr\u00e1vnych, nepresn\u00fdch alebo ne\u00fapln\u00fdch \u00fadajov, ktor\u00e9 sa jej t\u00fdkaj\u00fa,<\/li><li>vymazanie (tzv. zabudnutie) osobn\u00fdch \u00fadajov, ktor\u00e9 sa jej t\u00fdkaj\u00fa ak je splnen\u00fd jeden z d\u00f4vodov uveden\u00fd v \u010dl. 17 nariadenia, napr\u00edklad ak:<ul><li>u\u017e ich prev\u00e1dzkovate\u013e nepotrebuje,<\/li><li>ich prev\u00e1dzkovate\u013e sprac\u00fava nez\u00e1konne,<\/li><\/ul><\/li><li>obmedzenie sprac\u00favania osobn\u00fdch \u00fadajov, ktor\u00e9 sa jej t\u00fdkaj\u00fa, ak je splnen\u00fd jeden z pr\u00edpadov uveden\u00fd v \u010dl.18 nariadenia.<\/li><\/ul><div>\u00a0<\/div><div>\u00a0<\/div><h4>11.S\u00fa va\u0161e osobn\u00e9 \u00fadaje zdie\u013ean\u00e9 so soci\u00e1lnymi m\u00e9diami?<\/h4><p>Nie, va\u0161e osobn\u00e9 \u00fadaje nie s\u00fa zdie\u013ean\u00e9 so soci\u00e1lnymi m\u00e9diami.<\/p><p>\u00a0<\/p><h4>12.Ako je zabezpe\u010den\u00e1 bezpe\u010dnos\u0165 na\u0161ej str\u00e1nky?<\/h4><p>Chr\u00e1nime va\u0161e \u00fadaje pri prenose medzi va\u0161im prehliada\u010dom a\u00a0na\u0161ou str\u00e1nkou pou\u017e\u00edvan\u00edm SSL certifik\u00e1tu.<\/p><p>\u00a0<\/p><h4>13.Komu m\u00f4\u017eu by\u0165 va\u0161e osobn\u00e9 \u00fadaje poskytnut\u00e9?<\/h4><p>Za ur\u010dit\u00fdch z\u00e1konn\u00fdch podmienok m\u00f4\u017eeme va\u0161e osobn\u00e9 \u00fadaje spr\u00edstupni\u0165 tret\u00edm stran\u00e1m (ako napr\u00edklad org\u00e1nom \u010dinn\u00fdm v\u00a0trestnom konan\u00ed), ak je to nevyhnutn\u00e9 a\u00a0primeran\u00e9 vzh\u013eadom k\u00a0\u0161pecifick\u00fdm a\u00a0z\u00e1konne ur\u010den\u00fdm \u00fa\u010delom.<\/p><ol><li>in\u00ed poskytovatelia zdravotnej starostlivosti poskytuj\u00faci zdravotn\u00fa starostlivos\u0165 dotknutej osobe,<\/li><li>N\u00e1rodn\u00e9 centrum zdravotn\u00edckych inform\u00e1ci\u00ed,<\/li><li>osoby vymenovan\u00e9 v \u00a7 24 ods. 4 a \u00a7 25 ods. 1 z\u00e1kona \u010d. 576\/2004 Z.z.<\/li><\/ol><div>\u00a0<\/div><h4>14.M\u00e1te pr\u00e1vo poda\u0165 s\u0165a\u017enos\u0165 dozorn\u00e9mu org\u00e1nu, \u010di\u017ee \u00daradu<\/h4><p>Kontaktn\u00e1 adresa dozorn\u00e9ho org\u00e1nu:<br \/>\u00darad na ochranu osobn\u00fdch \u00fadajov Slovenskej republiky<br \/>Hrani\u010dn\u00e1 12<br \/>820 07 Bratislava 27<br \/><a href=\"http:\/\/www.dataprotection.gov.sk\/\">www.dataprotection.gov.sk<\/a><br \/>+421 2 3231 3220<\/p><p>\u00a0<\/p><h4>15.Ako si m\u00f4\u017eete svoje pr\u00e1va uplatni\u0165?<\/h4><p>Ak si chcete uplatni\u0165 svoje pr\u00e1va ako dotknutej osoby v\u00a0s\u00favislosti so sprac\u00favan\u00edm Va\u0161ich osobn\u00fdch \u00fadajov, m\u00f4\u017eete n\u00e1s kontaktova\u0165 na emailovej adrese\u00a0<a href=\"mailto:oou@prodiagnostic.sk\">oou@prodiagnostic.sk<\/a>. Va\u0161u \u017eiados\u0165 zaregistrujeme a\u00a0vybav\u00edme v\u00a0z\u00e1konnej lehote.<\/p><p>Pr\u00edslu\u0161n\u00e1 osoba pre ochranu osobn\u00fdch \u00fadajov\/DPO, je tie\u017e k dispoz\u00edcii na zodpovedanie ak\u00fdchko\u013evek ot\u00e1zok, k zmie\u0148ovan\u00e9mu.<\/p><\/div><\/div>\t\t\t\t\t\t\t\t<\/div>\n\t\t\t\t<\/div>\n\t\t\t\t\t<\/div>\n\t\t\t\t<\/div>\n\t\t\t\t<\/div>\n\t\t","protected":false},"excerpt":{"rendered":"<p>Ozn\u00e1menie o ochrane osobn\u00fdch \u00fadajov Pro Diagnostic Group a.s.\u00a0(\u010falej len \u201eprev\u00e1dzkovate\u013e\u201c) je ved\u00faci poskytovate\u013e r\u00e1diologick\u00fdch slu\u017eieb na Slovensku, prev\u00e1dzkuj\u00faci diagnostick\u00e9 centr\u00e1 s modalitami ako s\u00fa\u00a0magnetick\u00e1 rezonancia, CT, USG \u010di PET\/CT. V s\u00fa\u010dasnosti prev\u00e1dzkuje 12 diagnostick\u00fdch centier rozmiestnen\u00fdch po celom Slovensku. Pre zabezpe\u010denie komunik\u00e1cie so svojimi klientmi\u00a0 v\u00a0r\u00e1mci registr\u00e1cie do webport\u00e1lu ERADIOLOGIA.SK vyu\u017e\u00edva svoje webov\u00e9 s\u00eddlo.&hellip;<\/p>\n","protected":false},"author":1,"featured_media":0,"parent":0,"menu_order":70,"comment_status":"closed","ping_status":"closed","template":"","meta":{"footnotes":""},"class_list":["post-41656","page","type-page","status-publish","hentry"],"_links":{"self":[{"href":"https:\/\/pdg.mcpdev.eu\/cs\/wp-json\/wp\/v2\/pages\/41656","targetHints":{"allow":["GET"]}}],"collection":[{"href":"https:\/\/pdg.mcpdev.eu\/cs\/wp-json\/wp\/v2\/pages"}],"about":[{"href":"https:\/\/pdg.mcpdev.eu\/cs\/wp-json\/wp\/v2\/types\/page"}],"author":[{"embeddable":true,"href":"https:\/\/pdg.mcpdev.eu\/cs\/wp-json\/wp\/v2\/users\/1"}],"replies":[{"embeddable":true,"href":"https:\/\/pdg.mcpdev.eu\/cs\/wp-json\/wp\/v2\/comments?post=41656"}],"version-history":[{"count":0,"href":"https:\/\/pdg.mcpdev.eu\/cs\/wp-json\/wp\/v2\/pages\/41656\/revisions"}],"wp:attachment":[{"href":"https:\/\/pdg.mcpdev.eu\/cs\/wp-json\/wp\/v2\/media?parent=41656"}],"curies":[{"name":"wp","href":"https:\/\/api.w.org\/{rel}","templated":true}]}}